{"id":6,"date":"2025-01-28T20:55:40","date_gmt":"2025-01-28T19:55:40","guid":{"rendered":"https:\/\/af-medical.com\/?page_id=6"},"modified":"2025-05-23T08:38:55","modified_gmt":"2025-05-23T06:38:55","slug":"home","status":"publish","type":"page","link":"https:\/\/af-medical.com\/","title":{"rendered":"Home"},"content":{"rendered":"\t\t<div data-elementor-type=\"wp-page\" data-elementor-id=\"6\" class=\"elementor elementor-6\" data-elementor-post-type=\"page\">\n\t\t\t\t<div class=\"elementor-element elementor-element-2b36d4d e-flex e-con-boxed e-con e-parent\" data-id=\"2b36d4d\" data-element_type=\"container\" data-settings=\"{&quot;background_background&quot;:&quot;classic&quot;}\">\n\t\t\t\t\t<div class=\"e-con-inner\">\n\t\t\t\t\t<\/div>\n\t\t\t\t<\/div>\n\t\t<div class=\"elementor-element elementor-element-3f30fcb e-flex e-con-boxed e-con e-parent\" data-id=\"3f30fcb\" data-element_type=\"container\">\n\t\t\t\t\t<div class=\"e-con-inner\">\n\t\t\t\t\t<\/div>\n\t\t\t\t<\/div>\n\t\t<div class=\"elementor-element elementor-element-e6ef8c2 e-flex e-con-boxed e-con e-parent\" data-id=\"e6ef8c2\" data-element_type=\"container\" data-settings=\"{&quot;background_background&quot;:&quot;classic&quot;}\">\n\t\t\t\t\t<div class=\"e-con-inner\">\n\t\t<div class=\"elementor-element elementor-element-75d523e e-con-full e-flex e-con e-child\" data-id=\"75d523e\" data-element_type=\"container\">\n\t\t\t\t<\/div>\n\t\t<div class=\"elementor-element elementor-element-5e6b41f e-con-full e-flex e-con e-child\" data-id=\"5e6b41f\" data-element_type=\"container\">\n\t\t\t\t<div class=\"elementor-element elementor-element-31ffdc9 elementor-widget elementor-widget-spacer\" data-id=\"31ffdc9\" data-element_type=\"widget\" data-widget_type=\"spacer.default\">\n\t\t\t\t<div class=\"elementor-widget-container\">\n\t\t\t\t\t\t\t<div class=\"elementor-spacer\">\n\t\t\t<div class=\"elementor-spacer-inner\"><\/div>\n\t\t<\/div>\n\t\t\t\t\t\t<\/div>\n\t\t\t\t<\/div>\n\t\t\t\t<div class=\"elementor-element elementor-element-2652b9a elementor-widget elementor-widget-text-editor\" data-id=\"2652b9a\" data-element_type=\"widget\" data-widget_type=\"text-editor.default\">\n\t\t\t\t<div class=\"elementor-widget-container\">\n\t\t\t\t\t\t\t\t\t<p><span style=\"font-size: large;\">Diese Seite befindet sich im Aufbau. Bis zur Fertigstellung bitten wir um Beachtung unseres pdf \u2013 Instrumentenkatalogs. <\/span><\/p><p><span style=\"font-size: large;\">Hierf\u00fcr bitte nach unten scrollen. <\/span><\/p><p><span style=\"font-size: large;\">Alternativ k\u00f6nnen Sie uns f\u00fcr R\u00fcckfragen oder Bestellungen gerne telefonisch oder per email kontaktieren.<\/span><\/p>\t\t\t\t\t\t\t\t<\/div>\n\t\t\t\t<\/div>\n\t\t\t\t<div class=\"elementor-element elementor-element-498a8f5 elementor-widget elementor-widget-spacer\" data-id=\"498a8f5\" data-element_type=\"widget\" data-widget_type=\"spacer.default\">\n\t\t\t\t<div class=\"elementor-widget-container\">\n\t\t\t\t\t\t\t<div class=\"elementor-spacer\">\n\t\t\t<div class=\"elementor-spacer-inner\"><\/div>\n\t\t<\/div>\n\t\t\t\t\t\t<\/div>\n\t\t\t\t<\/div>\n\t\t\t\t<\/div>\n\t\t<div class=\"elementor-element elementor-element-e285039 e-con-full e-flex e-con e-child\" data-id=\"e285039\" data-element_type=\"container\">\n\t\t\t\t<\/div>\n\t\t\t\t\t<\/div>\n\t\t\t\t<\/div>\n\t\t<div class=\"elementor-element elementor-element-4be255f e-flex e-con-boxed e-con e-parent\" data-id=\"4be255f\" data-element_type=\"container\" data-settings=\"{&quot;background_background&quot;:&quot;classic&quot;}\">\n\t\t\t\t\t<div class=\"e-con-inner\">\n\t\t<div class=\"elementor-element elementor-element-99ffe4d e-con-full e-flex e-con e-child\" data-id=\"99ffe4d\" data-element_type=\"container\">\n\t\t\t\t<\/div>\n\t\t<div class=\"elementor-element elementor-element-5c20657 e-con-full e-flex e-con e-child\" data-id=\"5c20657\" data-element_type=\"container\">\n\t\t\t\t<div class=\"elementor-element elementor-element-6ca9df9 elementor-widget elementor-widget-spacer\" data-id=\"6ca9df9\" data-element_type=\"widget\" data-widget_type=\"spacer.default\">\n\t\t\t\t<div class=\"elementor-widget-container\">\n\t\t\t\t\t\t\t<div class=\"elementor-spacer\">\n\t\t\t<div class=\"elementor-spacer-inner\"><\/div>\n\t\t<\/div>\n\t\t\t\t\t\t<\/div>\n\t\t\t\t<\/div>\n\t\t\t\t<div class=\"elementor-element elementor-element-1caef2f elementor-widget elementor-widget-text-editor\" data-id=\"1caef2f\" data-element_type=\"widget\" data-widget_type=\"text-editor.default\">\n\t\t\t\t<div class=\"elementor-widget-container\">\n\t\t\t\t\t\t\t\t\t<p><span style=\"font-size: large;\">This site is still under construction. Meanwhile you are kindly requested to download our pdf \u2013 Instrument catalog down below.<\/span><\/p><p><span style=\"font-size: large;\">Alternatively we may welcome you via phone or email to assist you in any questions which may arise or to help finding the right instrument for you.<\/span><\/p>\t\t\t\t\t\t\t\t<\/div>\n\t\t\t\t<\/div>\n\t\t\t\t<div class=\"elementor-element elementor-element-f6df2fe elementor-widget elementor-widget-spacer\" data-id=\"f6df2fe\" data-element_type=\"widget\" data-widget_type=\"spacer.default\">\n\t\t\t\t<div class=\"elementor-widget-container\">\n\t\t\t\t\t\t\t<div class=\"elementor-spacer\">\n\t\t\t<div class=\"elementor-spacer-inner\"><\/div>\n\t\t<\/div>\n\t\t\t\t\t\t<\/div>\n\t\t\t\t<\/div>\n\t\t\t\t<\/div>\n\t\t<div class=\"elementor-element elementor-element-d8ba319 e-con-full e-flex e-con e-child\" data-id=\"d8ba319\" data-element_type=\"container\">\n\t\t\t\t<\/div>\n\t\t\t\t\t<\/div>\n\t\t\t\t<\/div>\n\t\t<div class=\"elementor-element elementor-element-8093273 e-flex e-con-boxed e-con e-parent\" data-id=\"8093273\" data-element_type=\"container\" data-settings=\"{&quot;background_background&quot;:&quot;classic&quot;}\">\n\t\t\t\t\t<div class=\"e-con-inner\">\n\t\t<div class=\"elementor-element elementor-element-5d73713 e-con-full e-flex e-con e-child\" data-id=\"5d73713\" data-element_type=\"container\">\n\t\t\t\t<\/div>\n\t\t<div class=\"elementor-element elementor-element-4e87e7e e-con-full e-flex e-con e-child\" data-id=\"4e87e7e\" data-element_type=\"container\">\n\t\t\t\t<div class=\"elementor-element elementor-element-cf2d527 elementor-widget elementor-widget-spacer\" data-id=\"cf2d527\" data-element_type=\"widget\" data-widget_type=\"spacer.default\">\n\t\t\t\t<div class=\"elementor-widget-container\">\n\t\t\t\t\t\t\t<div class=\"elementor-spacer\">\n\t\t\t<div class=\"elementor-spacer-inner\"><\/div>\n\t\t<\/div>\n\t\t\t\t\t\t<\/div>\n\t\t\t\t<\/div>\n\t\t\t\t<div class=\"elementor-element elementor-element-bb78f91 elementor-widget elementor-widget-image\" data-id=\"bb78f91\" data-element_type=\"widget\" data-widget_type=\"image.default\">\n\t\t\t\t<div class=\"elementor-widget-container\">\n\t\t\t\t\t\t\t\t\t\t\t\t\t\t\t\t<a href=\"https:\/\/af-medical.com\/kataloge\/TOP2000-DE-EN-2023-Ver-125-V11.pdf\">\n\t\t\t\t\t\t\t<img fetchpriority=\"high\" decoding=\"async\" width=\"726\" height=\"1024\" src=\"https:\/\/af-medical.com\/wp-content\/uploads\/2025\/01\/cover-ci-726x1024.png\" class=\"attachment-large size-large wp-image-119\" alt=\"\" srcset=\"https:\/\/af-medical.com\/wp-content\/uploads\/2025\/01\/cover-ci-726x1024.png 726w, https:\/\/af-medical.com\/wp-content\/uploads\/2025\/01\/cover-ci-800x1128.png 800w, https:\/\/af-medical.com\/wp-content\/uploads\/2025\/01\/cover-ci-213x300.png 213w, https:\/\/af-medical.com\/wp-content\/uploads\/2025\/01\/cover-ci-768x1083.png 768w, https:\/\/af-medical.com\/wp-content\/uploads\/2025\/01\/cover-ci.png 911w\" sizes=\"(max-width: 726px) 100vw, 726px\" \/>\t\t\t\t\t\t\t\t<\/a>\n\t\t\t\t\t\t\t\t\t\t\t\t\t\t\t<\/div>\n\t\t\t\t<\/div>\n\t\t\t\t<div class=\"elementor-element elementor-element-02f1f0e elementor-widget elementor-widget-spacer\" data-id=\"02f1f0e\" data-element_type=\"widget\" data-widget_type=\"spacer.default\">\n\t\t\t\t<div class=\"elementor-widget-container\">\n\t\t\t\t\t\t\t<div class=\"elementor-spacer\">\n\t\t\t<div class=\"elementor-spacer-inner\"><\/div>\n\t\t<\/div>\n\t\t\t\t\t\t<\/div>\n\t\t\t\t<\/div>\n\t\t\t\t<\/div>\n\t\t<div class=\"elementor-element elementor-element-87aa665 e-con-full e-flex e-con e-child\" data-id=\"87aa665\" data-element_type=\"container\">\n\t\t\t\t<div class=\"elementor-element elementor-element-c7b80cc elementor-widget elementor-widget-spacer\" data-id=\"c7b80cc\" data-element_type=\"widget\" data-widget_type=\"spacer.default\">\n\t\t\t\t<div class=\"elementor-widget-container\">\n\t\t\t\t\t\t\t<div class=\"elementor-spacer\">\n\t\t\t<div class=\"elementor-spacer-inner\"><\/div>\n\t\t<\/div>\n\t\t\t\t\t\t<\/div>\n\t\t\t\t<\/div>\n\t\t\t\t<div class=\"elementor-element elementor-element-cdcbcfa elementor-widget elementor-widget-heading\" data-id=\"cdcbcfa\" data-element_type=\"widget\" data-widget_type=\"heading.default\">\n\t\t\t\t<div class=\"elementor-widget-container\">\n\t\t\t\t\t<h2 class=\"elementor-heading-title elementor-size-default\"><a href=\"https:\/\/af-medical.com\/kataloge\/TOP2000-DE-EN-2023-Ver-125-V11.pdf\">Katalog f\u00fcr chirurgische Instrumente \/ <\/br>\nCatalog for hand held surgical instruments<\/a><\/h2>\t\t\t\t<\/div>\n\t\t\t\t<\/div>\n\t\t\t\t<\/div>\n\t\t<div class=\"elementor-element elementor-element-27d6c52 e-con-full e-flex e-con e-child\" data-id=\"27d6c52\" data-element_type=\"container\">\n\t\t\t\t<\/div>\n\t\t\t\t\t<\/div>\n\t\t\t\t<\/div>\n\t\t<div class=\"elementor-element elementor-element-f106ba7 e-flex e-con-boxed e-con e-parent\" data-id=\"f106ba7\" data-element_type=\"container\" data-settings=\"{&quot;background_background&quot;:&quot;classic&quot;}\">\n\t\t\t\t\t<div class=\"e-con-inner\">\n\t\t<div class=\"elementor-element elementor-element-ee7a771 e-con-full e-flex e-con e-child\" data-id=\"ee7a771\" data-element_type=\"container\">\n\t\t\t\t<\/div>\n\t\t<div class=\"elementor-element elementor-element-57ed8ac e-con-full e-flex e-con e-child\" data-id=\"57ed8ac\" data-element_type=\"container\">\n\t\t\t\t<div class=\"elementor-element elementor-element-7a33320 elementor-widget elementor-widget-spacer\" data-id=\"7a33320\" data-element_type=\"widget\" data-widget_type=\"spacer.default\">\n\t\t\t\t<div class=\"elementor-widget-container\">\n\t\t\t\t\t\t\t<div class=\"elementor-spacer\">\n\t\t\t<div class=\"elementor-spacer-inner\"><\/div>\n\t\t<\/div>\n\t\t\t\t\t\t<\/div>\n\t\t\t\t<\/div>\n\t\t\t\t<div class=\"elementor-element elementor-element-82c7f32 elementor-widget elementor-widget-image\" data-id=\"82c7f32\" data-element_type=\"widget\" data-widget_type=\"image.default\">\n\t\t\t\t<div class=\"elementor-widget-container\">\n\t\t\t\t\t\t\t\t\t\t\t\t\t\t\t\t<a href=\"https:\/\/af-medical.com\/kataloge\/PodologieKatalog-Version-DE-1-43-1-2023-Euro-FL-V-14.pdf\">\n\t\t\t\t\t\t\t<img decoding=\"async\" width=\"725\" height=\"1024\" src=\"https:\/\/af-medical.com\/wp-content\/uploads\/2025\/01\/cover-podo-725x1024.png\" class=\"attachment-large size-large wp-image-120\" alt=\"\" srcset=\"https:\/\/af-medical.com\/wp-content\/uploads\/2025\/01\/cover-podo-725x1024.png 725w, https:\/\/af-medical.com\/wp-content\/uploads\/2025\/01\/cover-podo-800x1131.png 800w, https:\/\/af-medical.com\/wp-content\/uploads\/2025\/01\/cover-podo-212x300.png 212w, https:\/\/af-medical.com\/wp-content\/uploads\/2025\/01\/cover-podo-768x1085.png 768w, https:\/\/af-medical.com\/wp-content\/uploads\/2025\/01\/cover-podo.png 912w\" sizes=\"(max-width: 725px) 100vw, 725px\" \/>\t\t\t\t\t\t\t\t<\/a>\n\t\t\t\t\t\t\t\t\t\t\t\t\t\t\t<\/div>\n\t\t\t\t<\/div>\n\t\t\t\t<div class=\"elementor-element elementor-element-0a8215d elementor-widget elementor-widget-spacer\" data-id=\"0a8215d\" data-element_type=\"widget\" data-widget_type=\"spacer.default\">\n\t\t\t\t<div class=\"elementor-widget-container\">\n\t\t\t\t\t\t\t<div class=\"elementor-spacer\">\n\t\t\t<div class=\"elementor-spacer-inner\"><\/div>\n\t\t<\/div>\n\t\t\t\t\t\t<\/div>\n\t\t\t\t<\/div>\n\t\t\t\t<\/div>\n\t\t<div class=\"elementor-element elementor-element-8e4fd81 e-con-full e-flex e-con e-child\" data-id=\"8e4fd81\" data-element_type=\"container\">\n\t\t\t\t<div class=\"elementor-element elementor-element-208ecea elementor-widget elementor-widget-spacer\" data-id=\"208ecea\" data-element_type=\"widget\" data-widget_type=\"spacer.default\">\n\t\t\t\t<div class=\"elementor-widget-container\">\n\t\t\t\t\t\t\t<div class=\"elementor-spacer\">\n\t\t\t<div class=\"elementor-spacer-inner\"><\/div>\n\t\t<\/div>\n\t\t\t\t\t\t<\/div>\n\t\t\t\t<\/div>\n\t\t\t\t<div class=\"elementor-element elementor-element-d579e3c elementor-widget elementor-widget-heading\" data-id=\"d579e3c\" data-element_type=\"widget\" data-widget_type=\"heading.default\">\n\t\t\t\t<div class=\"elementor-widget-container\">\n\t\t\t\t\t<h2 class=\"elementor-heading-title elementor-size-default\"><a href=\"https:\/\/af-medical.com\/kataloge\/PodologieKatalog-Version-DE-1-43-1-2023-Euro-FL-V-14.pdf\">Katalog f\u00fcr podologische und kosmetische Instrumente \/<\/br> Source book for footcare and cosmetic<\/a><\/h2>\t\t\t\t<\/div>\n\t\t\t\t<\/div>\n\t\t\t\t<\/div>\n\t\t<div class=\"elementor-element elementor-element-f163475 e-con-full e-flex e-con e-child\" data-id=\"f163475\" data-element_type=\"container\">\n\t\t\t\t<\/div>\n\t\t\t\t\t<\/div>\n\t\t\t\t<\/div>\n\t\t\t\t<\/div>\n\t\t","protected":false},"excerpt":{"rendered":"<p>Diese Seite befindet sich im Aufbau. Bis zur Fertigstellung bitten wir um Beachtung unseres pdf \u2013 Instrumentenkatalogs. Hierf\u00fcr bitte nach unten scrollen. Alternativ k\u00f6nnen Sie uns f\u00fcr R\u00fcckfragen oder Bestellungen gerne telefonisch oder per email kontaktieren. This site is still under construction. Meanwhile you are kindly requested to download our pdf \u2013 Instrument catalog down&hellip;&nbsp;<a href=\"https:\/\/af-medical.com\/\" rel=\"bookmark\"><span class=\"screen-reader-text\">Home<\/span><\/a><\/p>\n","protected":false},"author":1,"featured_media":0,"parent":0,"menu_order":0,"comment_status":"closed","ping_status":"closed","template":"","meta":{"neve_meta_sidebar":"","neve_meta_container":"full-width","neve_meta_enable_content_width":"off","neve_meta_content_width":100,"neve_meta_title_alignment":"","neve_meta_author_avatar":"","neve_post_elements_order":"","neve_meta_disable_header":"","neve_meta_disable_footer":"","neve_meta_disable_title":"on","footnotes":""},"class_list":["post-6","page","type-page","status-publish","hentry"],"_links":{"self":[{"href":"https:\/\/af-medical.com\/index.php?rest_route=\/wp\/v2\/pages\/6","targetHints":{"allow":["GET"]}}],"collection":[{"href":"https:\/\/af-medical.com\/index.php?rest_route=\/wp\/v2\/pages"}],"about":[{"href":"https:\/\/af-medical.com\/index.php?rest_route=\/wp\/v2\/types\/page"}],"author":[{"embeddable":true,"href":"https:\/\/af-medical.com\/index.php?rest_route=\/wp\/v2\/users\/1"}],"replies":[{"embeddable":true,"href":"https:\/\/af-medical.com\/index.php?rest_route=%2Fwp%2Fv2%2Fcomments&post=6"}],"version-history":[{"count":107,"href":"https:\/\/af-medical.com\/index.php?rest_route=\/wp\/v2\/pages\/6\/revisions"}],"predecessor-version":[{"id":1557,"href":"https:\/\/af-medical.com\/index.php?rest_route=\/wp\/v2\/pages\/6\/revisions\/1557"}],"wp:attachment":[{"href":"https:\/\/af-medical.com\/index.php?rest_route=%2Fwp%2Fv2%2Fmedia&parent=6"}],"curies":[{"name":"wp","href":"https:\/\/api.w.org\/{rel}","templated":true}]}}